{"id":198,"date":"2025-06-24T11:37:21","date_gmt":"2025-06-24T11:37:21","guid":{"rendered":"https:\/\/drerkincekickiran.com\/?page_id=198"},"modified":"2025-06-25T09:36:57","modified_gmt":"2025-06-25T09:36:57","slug":"botox-wrinkle-treatment","status":"publish","type":"page","link":"http:\/\/drerkincekickiran.com\/es\/botox-wrinkle-treatment\/","title":{"rendered":"Tratamiento de Botox y Arrugas"},"content":{"rendered":"<div data-elementor-type=\"wp-page\" data-elementor-id=\"198\" class=\"elementor elementor-198\" data-elementor-post-type=\"page\">\n\t\t\t\t<div class=\"elementor-element elementor-element-76903dcb e-con-full e-flex e-con e-parent\" data-id=\"76903dcb\" data-element_type=\"container\">\n\t\t<div class=\"elementor-element elementor-element-6c44d6ad e-grid e-con-boxed e-con e-child\" data-id=\"6c44d6ad\" data-element_type=\"container\">\n\t\t\t\t\t<div class=\"e-con-inner\">\n\t\t<div class=\"elementor-element elementor-element-6ff42c84 e-con-full e-flex e-con e-child\" data-id=\"6ff42c84\" data-element_type=\"container\">\n\t\t<div class=\"elementor-element elementor-element-115e5bed e-con-full e-flex e-con e-child\" data-id=\"115e5bed\" data-element_type=\"container\">\n\t\t\t\t<div class=\"elementor-element elementor-element-1f2cbcb2 elementor-widget elementor-widget-heading\" data-id=\"1f2cbcb2\" data-element_type=\"widget\" data-settings=\"{&quot;htmega_fe&quot;:&quot;no&quot;}\" data-widget_type=\"heading.default\">\n\t\t\t\t<div class=\"elementor-widget-container\">\n\t\t\t\t\t<h3 class=\"elementor-heading-title elementor-size-default\">Suaviza las arrugas y refresca tu apariencia con Botox\n<\/h3>\t\t\t\t<\/div>\n\t\t\t\t<\/div>\n\t\t\t\t<div class=\"elementor-element elementor-element-68016926 elementor-widget__width-inherit elementor-widget elementor-widget-heading\" data-id=\"68016926\" data-element_type=\"widget\" data-settings=\"{&quot;htmega_fe&quot;:&quot;no&quot;}\" data-widget_type=\"heading.default\">\n\t\t\t\t<div class=\"elementor-widget-container\">\n\t\t\t\t\t<p class=\"elementor-heading-title elementor-size-default\">El b\u00f3tox es una soluci\u00f3n confiable para reducir las l\u00edneas de expresi\u00f3n y prevenir la formaci\u00f3n de nuevas arrugas. El Dr. Erkin aplica el b\u00f3tox con precisi\u00f3n, centr\u00e1ndose en los m\u00fasculos faciales que contribuyen a las l\u00edneas de expresi\u00f3n, ayud\u00e1ndole a lucir relajado, descansado y naturalmente joven.\n\n<\/p>\t\t\t\t<\/div>\n\t\t\t\t<\/div>\n\t\t\t\t<\/div>\n\t\t<div class=\"elementor-element elementor-element-25d1d5d0 e-con-full e-flex e-con e-child\" data-id=\"25d1d5d0\" data-element_type=\"container\">\n\t\t\t\t<div class=\"elementor-element elementor-element-5f172c9a elementor-widget elementor-widget-heading\" data-id=\"5f172c9a\" data-element_type=\"widget\" data-settings=\"{&quot;htmega_fe&quot;:&quot;no&quot;}\" data-widget_type=\"heading.default\">\n\t\t\t\t<div class=\"elementor-widget-container\">\n\t\t\t\t\t<h3 class=\"elementor-heading-title elementor-size-default\">Beneficios clave<\/h3>\t\t\t\t<\/div>\n\t\t\t\t<\/div>\n\t\t\t\t<div class=\"elementor-element elementor-element-77ac319f elementor-widget elementor-widget-heading\" data-id=\"77ac319f\" data-element_type=\"widget\" data-settings=\"{&quot;htmega_fe&quot;:&quot;no&quot;}\" data-widget_type=\"heading.default\">\n\t\t\t\t<div class=\"elementor-widget-container\">\n\t\t\t\t\t<div class=\"elementor-heading-title elementor-size-default\">Suaviza las l\u00edneas de la frente, las patas de gallo y las l\u00edneas de expresi\u00f3n.<br>\n\nPreviene la formaci\u00f3n de arrugas profundas.<br>\n\nApariencia sutil y no congelada<br>\n\nEl tratamiento dura menos de 15 minutos.<br>\n\nSin tiempo de inactividad<br><\/div>\t\t\t\t<\/div>\n\t\t\t\t<\/div>\n\t\t\t\t<\/div>\n\t\t<div class=\"elementor-element elementor-element-7190cc3b e-con-full e-flex e-con e-child\" data-id=\"7190cc3b\" data-element_type=\"container\">\n\t\t\t\t<div class=\"elementor-element elementor-element-3f2e1880 elementor-widget elementor-widget-heading\" data-id=\"3f2e1880\" data-element_type=\"widget\" data-settings=\"{&quot;htmega_fe&quot;:&quot;no&quot;}\" data-widget_type=\"heading.default\">\n\t\t\t\t<div class=\"elementor-widget-container\">\n\t\t\t\t\t<h3 class=\"elementor-heading-title elementor-size-default\">Qu\u00e9 esperar<\/h3>\t\t\t\t<\/div>\n\t\t\t\t<\/div>\n\t\t\t\t<div class=\"elementor-element elementor-element-f6ee5d7 elementor-widget elementor-widget-heading\" data-id=\"f6ee5d7\" data-element_type=\"widget\" data-settings=\"{&quot;htmega_fe&quot;:&quot;no&quot;}\" data-widget_type=\"heading.default\">\n\t\t\t\t<div class=\"elementor-widget-container\">\n\t\t\t\t\t<p class=\"elementor-heading-title elementor-size-default\">El procedimiento consiste en peque\u00f1as inyecciones dirigidas a los m\u00fasculos faciales. Los resultados comienzan a notarse en un plazo de 3 a 5 d\u00edas y alcanzan su efecto completo en un plazo de 10 a 14 d\u00edas.<\/p>\t\t\t\t<\/div>\n\t\t\t\t<\/div>\n\t\t\t\t<\/div>\n\t\t<div class=\"elementor-element elementor-element-3372c3f4 e-con-full e-flex e-con e-child\" data-id=\"3372c3f4\" data-element_type=\"container\">\n\t\t\t\t<div class=\"elementor-element elementor-element-47f0087d elementor-widget elementor-widget-heading\" data-id=\"47f0087d\" data-element_type=\"widget\" data-settings=\"{&quot;htmega_fe&quot;:&quot;no&quot;}\" data-widget_type=\"heading.default\">\n\t\t\t\t<div class=\"elementor-widget-container\">\n\t\t\t\t\t<h3 class=\"elementor-heading-title elementor-size-default\">Candidatos ideales<\/h3>\t\t\t\t<\/div>\n\t\t\t\t<\/div>\n\t\t\t\t<div class=\"elementor-element elementor-element-e9ac7a0 elementor-widget elementor-widget-heading\" data-id=\"e9ac7a0\" data-element_type=\"widget\" data-settings=\"{&quot;htmega_fe&quot;:&quot;no&quot;}\" data-widget_type=\"heading.default\">\n\t\t\t\t<div class=\"elementor-widget-container\">\n\t\t\t\t\t<p class=\"elementor-heading-title elementor-size-default\">Adultos con l\u00edneas de expresi\u00f3n visibles o emergentes<br>\n\nPersonas que desean un tratamiento preventivo antienvejecimiento<br>\n\nPacientes que buscan soluciones r\u00e1pidas y sin tiempo de inactividad<\/p>\t\t\t\t<\/div>\n\t\t\t\t<\/div>\n\t\t\t\t<\/div>\n\t\t\t\t<\/div>\n\t\t\t\t<div class=\"elementor-element elementor-element-288ad1c7 elementor-widget elementor-widget-image\" data-id=\"288ad1c7\" data-element_type=\"widget\" data-settings=\"{&quot;htmega_fe&quot;:&quot;no&quot;}\" data-widget_type=\"image.default\">\n\t\t\t\t<div class=\"elementor-widget-container\">\n\t\t\t\t\t\t\t\t\t\t\t\t\t\t\t<img fetchpriority=\"high\" decoding=\"async\" width=\"800\" height=\"534\" src=\"https:\/\/drerkincekickiran.com\/wp-content\/uploads\/2025\/06\/botox-frequency-dr-steinbrech-ny.webp\" class=\"attachment-large size-large wp-image-181\" alt=\"\" srcset=\"https:\/\/drerkincekickiran.com\/wp-content\/uploads\/2025\/06\/botox-frequency-dr-steinbrech-ny.webp 1000w, https:\/\/drerkincekickiran.com\/wp-content\/uploads\/2025\/06\/botox-frequency-dr-steinbrech-ny-300x200.webp 300w, https:\/\/drerkincekickiran.com\/wp-content\/uploads\/2025\/06\/botox-frequency-dr-steinbrech-ny-768x512.webp 768w\" sizes=\"(max-width: 800px) 100vw, 800px\" \/>\t\t\t\t\t\t\t\t\t\t\t\t\t\t\t<\/div>\n\t\t\t\t<\/div>\n\t\t\t\t\t<\/div>\n\t\t\t\t<\/div>\n\t\t\t\t<\/div>\n\t\t<div class=\"elementor-element elementor-element-2fe5a556 e-con-full e-flex e-con e-parent\" data-id=\"2fe5a556\" data-element_type=\"container\">\n\t\t<div class=\"elementor-element elementor-element-2592726 e-flex e-con-boxed e-con e-child\" data-id=\"2592726\" data-element_type=\"container\">\n\t\t\t\t\t<div class=\"e-con-inner\">\n\t\t<div class=\"elementor-element elementor-element-454460c0 e-con-full e-flex e-con e-child\" data-id=\"454460c0\" data-element_type=\"container\">\n\t\t\t\t<div class=\"elementor-element elementor-element-d6dd8e2 elementor-widget elementor-widget-heading\" data-id=\"d6dd8e2\" data-element_type=\"widget\" data-settings=\"{&quot;htmega_fe&quot;:&quot;no&quot;}\" data-widget_type=\"heading.default\">\n\t\t\t\t<div class=\"elementor-widget-container\">\n\t\t\t\t\t<h2 class=\"elementor-heading-title elementor-size-default\">Preguntas frecuentes\n<\/h2>\t\t\t\t<\/div>\n\t\t\t\t<\/div>\n\t\t\t\t<\/div>\n\t\t\t\t\t<\/div>\n\t\t\t\t<\/div>\n\t\t\t\t<\/div>\n\t\t<div class=\"elementor-element elementor-element-4908997c e-flex e-con-boxed e-con e-parent\" data-id=\"4908997c\" data-element_type=\"container\">\n\t\t\t\t\t<div class=\"e-con-inner\">\n\t\t\t\t<div class=\"elementor-element elementor-element-fca8439 elementor-widget elementor-widget-htmega-accordion-addons\" data-id=\"fca8439\" data-element_type=\"widget\" data-settings=\"{&quot;htmega_fe&quot;:&quot;no&quot;}\" data-widget_type=\"htmega-accordion-addons.default\">\n\t\t\t\t<div class=\"elementor-widget-container\">\n\t\t\t\t\t<div class=\"accordion\" id=\"accordionExamplefca8439\" style=\"display:none;\">                            <div class=\"single_accourdion htmega-icon-align-right htmega-title-icon-align- htmega-accordion-seperator-none htmega-seperator-position- htb-short-active-no\">\r\n\r\n                                <div class=\"htmega-accourdion-title\">\r\n                                    <h2 data-toggle=\"htbcollapse\" data-target=\"#htmega-collapse1fca8439\" class=\"htb-collapsed htmega-items-hedding\">P: \u00bfMe ver\u00e9 congelado? <span class=\"accourdion-icon close-accourdion\"><svg class=\"e-font-icon-svg e-fas-minus\" viewbox=\"0 0 448 512\" xmlns=\"http:\/\/www.w3.org\/2000\/svg\"><path d=\"M416 208H32c-17.67 0-32 14.33-32 32v32c0 17.67 14.33 32 32 32h384c17.67 0 32-14.33 32-32v-32c0-17.67-14.33-32-32-32z\"><\/path><\/svg><\/span><span class=\"accourdion-icon open-accourdion\"><svg class=\"e-font-icon-svg e-fas-plus\" viewbox=\"0 0 448 512\" xmlns=\"http:\/\/www.w3.org\/2000\/svg\"><path d=\"M416 208H272V64c0-17.67-14.33-32-32-32h-32c-17.67 0-32 14.33-32 32v144H32c-17.67 0-32 14.33-32 32v32c0 17.67 14.33 32 32 32h144v144c0 17.67 14.33 32 32 32h32c17.67 0 32-14.33 32-32V304h144c17.67 0 32-14.33 32-32v-32c0-17.67-14.33-32-32-32z\"><\/path><\/svg><\/span><\/h2>                                <\/div>\r\n                                <div id=\"htmega-collapse1fca8439\" class=\"htb-collapse\" data-parent=\"#accordionExamplefca8439\" >\r\n                                                                    <div class=\"accordion-content\">\r\n                                            <p data-start=\"4712\" data-end=\"4842\">R: No. El Dr. Erkin personaliza cada tratamiento de Botox para preservar la expresi\u00f3n facial y evitar la rigidez.<\/p>                                        <\/div>\r\n                                    \r\n                                    <\/div>\r\n                            <\/div>\r\n\r\n                                                    <div class=\"single_accourdion htmega-icon-align-right htmega-title-icon-align- htmega-accordion-seperator-none htmega-seperator-position- htb-short-active-no\">\r\n\r\n                                <div class=\"htmega-accourdion-title\">\r\n                                    <h2 data-toggle=\"htbcollapse\" data-target=\"#htmega-collapse2fca8439\" class=\"htb-collapsed htmega-items-hedding\">P: \u00bfCu\u00e1nto dura el efecto del Botox? <span class=\"accourdion-icon close-accourdion\"><svg class=\"e-font-icon-svg e-fas-minus\" viewbox=\"0 0 448 512\" xmlns=\"http:\/\/www.w3.org\/2000\/svg\"><path d=\"M416 208H32c-17.67 0-32 14.33-32 32v32c0 17.67 14.33 32 32 32h384c17.67 0 32-14.33 32-32v-32c0-17.67-14.33-32-32-32z\"><\/path><\/svg><\/span><span class=\"accourdion-icon open-accourdion\"><svg class=\"e-font-icon-svg e-fas-plus\" viewbox=\"0 0 448 512\" xmlns=\"http:\/\/www.w3.org\/2000\/svg\"><path d=\"M416 208H272V64c0-17.67-14.33-32-32-32h-32c-17.67 0-32 14.33-32 32v144H32c-17.67 0-32 14.33-32 32v32c0 17.67 14.33 32 32 32h144v144c0 17.67 14.33 32 32 32h32c17.67 0 32-14.33 32-32V304h144c17.67 0 32-14.33 32-32v-32c0-17.67-14.33-32-32-32z\"><\/path><\/svg><\/span><\/h2>                                <\/div>\r\n                                <div id=\"htmega-collapse2fca8439\" class=\"htb-collapse\" data-parent=\"#accordionExamplefca8439\" >\r\n                                                                    <div class=\"accordion-content\">\r\n                                            <p data-start=\"4844\" data-end=\"4948\">R: En promedio, 3 a 4 meses dependiendo del estilo de vida y el movimiento facial.<\/p>                                        <\/div>\r\n                                    \r\n                                    <\/div>\r\n                            <\/div>\r\n\r\n                                                    <div class=\"single_accourdion htmega-icon-align-right htmega-title-icon-align- htmega-accordion-seperator-none htmega-seperator-position- htb-short-active-no\">\r\n\r\n                                <div class=\"htmega-accourdion-title\">\r\n                                    <h2 data-toggle=\"htbcollapse\" data-target=\"#htmega-collapse3fca8439\" class=\"htb-collapsed htmega-items-hedding\">P: \u00bfEs seguro el Botox? <span class=\"accourdion-icon close-accourdion\"><svg class=\"e-font-icon-svg e-fas-minus\" viewbox=\"0 0 448 512\" xmlns=\"http:\/\/www.w3.org\/2000\/svg\"><path d=\"M416 208H32c-17.67 0-32 14.33-32 32v32c0 17.67 14.33 32 32 32h384c17.67 0 32-14.33 32-32v-32c0-17.67-14.33-32-32-32z\"><\/path><\/svg><\/span><span class=\"accourdion-icon open-accourdion\"><svg class=\"e-font-icon-svg e-fas-plus\" viewbox=\"0 0 448 512\" xmlns=\"http:\/\/www.w3.org\/2000\/svg\"><path d=\"M416 208H272V64c0-17.67-14.33-32-32-32h-32c-17.67 0-32 14.33-32 32v144H32c-17.67 0-32 14.33-32 32v32c0 17.67 14.33 32 32 32h144v144c0 17.67 14.33 32 32 32h32c17.67 0 32-14.33 32-32V304h144c17.67 0 32-14.33 32-32v-32c0-17.67-14.33-32-32-32z\"><\/path><\/svg><\/span><\/h2>                                <\/div>\r\n                                <div id=\"htmega-collapse3fca8439\" class=\"htb-collapse\" data-parent=\"#accordionExamplefca8439\" >\r\n                                                                    <div class=\"accordion-content\">\r\n                                            <p data-start=\"4950\" data-end=\"5066\">R: S\u00ed, est\u00e1 aprobado por la FDA y se utiliza ampliamente en todo el mundo cuando lo administran m\u00e9dicos capacitados.<\/p>                                        <\/div>\r\n                                    \r\n                                    <\/div>\r\n                            <\/div>\r\n\r\n                        <\/div>\t\t\t\t<\/div>\n\t\t\t\t<\/div>\n\t\t\t\t\t<\/div>\n\t\t\t\t<\/div>\n\t\t<div class=\"elementor-element elementor-element-1330f264 e-flex e-con-boxed e-con e-parent\" data-id=\"1330f264\" data-element_type=\"container\">\n\t\t\t\t\t<div class=\"e-con-inner\">\n\t\t<div class=\"elementor-element elementor-element-74530954 e-grid e-con-full e-con e-child\" data-id=\"74530954\" data-element_type=\"container\">\n\t\t<div class=\"elementor-element elementor-element-5432da64 e-con-full e-flex e-con e-child\" data-id=\"5432da64\" data-element_type=\"container\">\n\t\t\t\t<div class=\"elementor-element elementor-element-49a5e97e elementor-widget elementor-widget-heading\" data-id=\"49a5e97e\" data-element_type=\"widget\" data-settings=\"{&quot;htmega_fe&quot;:&quot;no&quot;}\" data-widget_type=\"heading.default\">\n\t\t\t\t<div class=\"elementor-widget-container\">\n\t\t\t\t\t<h2 class=\"elementor-heading-title elementor-size-default\">Pong\u00e1monos en contacto<\/h2>\t\t\t\t<\/div>\n\t\t\t\t<\/div>\n\t\t\t\t<div class=\"elementor-element elementor-element-71c783a7 elementor-widget__width-initial elementor-widget-tablet__width-initial elementor-widget elementor-widget-heading\" data-id=\"71c783a7\" data-element_type=\"widget\" data-settings=\"{&quot;htmega_fe&quot;:&quot;no&quot;}\" data-widget_type=\"heading.default\">\n\t\t\t\t<div class=\"elementor-widget-container\">\n\t\t\t\t\t<p class=\"elementor-heading-title elementor-size-default\">\u00a1Me encantar\u00eda saber de ti! No dudes en contactarme para concertar citas, hacer preguntas o colaborar.<\/p>\t\t\t\t<\/div>\n\t\t\t\t<\/div>\n\t\t\t\t<\/div>\n\t\t\t\t<\/div>\n\t\t<div class=\"elementor-element elementor-element-420b3994 e-grid e-con-boxed e-con e-child\" data-id=\"420b3994\" data-element_type=\"container\">\n\t\t\t\t\t<div class=\"e-con-inner\">\n\t\t<div class=\"elementor-element elementor-element-165f8672 e-con-full e-flex e-con e-child\" data-id=\"165f8672\" data-element_type=\"container\">\n\t\t\t\t<div class=\"elementor-element elementor-element-210f3976 elementor-widget elementor-widget-image\" data-id=\"210f3976\" data-element_type=\"widget\" data-settings=\"{&quot;htmega_fe&quot;:&quot;no&quot;}\" data-widget_type=\"image.default\">\n\t\t\t\t<div class=\"elementor-widget-container\">\n\t\t\t\t\t\t\t\t\t\t\t\t\t\t\t<img decoding=\"async\" width=\"800\" height=\"1000\" src=\"https:\/\/drerkincekickiran.com\/wp-content\/uploads\/2025\/05\/erkin-819x1024.jpg\" class=\"attachment-large size-large wp-image-94\" alt=\"\" srcset=\"https:\/\/drerkincekickiran.com\/wp-content\/uploads\/2025\/05\/erkin-819x1024.jpg 819w, https:\/\/drerkincekickiran.com\/wp-content\/uploads\/2025\/05\/erkin-240x300.jpg 240w, https:\/\/drerkincekickiran.com\/wp-content\/uploads\/2025\/05\/erkin-768x960.jpg 768w, https:\/\/drerkincekickiran.com\/wp-content\/uploads\/2025\/05\/erkin.jpg 1080w\" sizes=\"(max-width: 800px) 100vw, 800px\" \/>\t\t\t\t\t\t\t\t\t\t\t\t\t\t\t<\/div>\n\t\t\t\t<\/div>\n\t\t\t\t<\/div>\n\t\t<div class=\"elementor-element elementor-element-5b0c266 e-con-full e-flex e-con e-child\" data-id=\"5b0c266\" data-element_type=\"container\" data-settings=\"{&quot;background_background&quot;:&quot;classic&quot;}\">\n\t\t\t\t<div class=\"elementor-element elementor-element-6f8eefad elementor-widget elementor-widget-heading\" data-id=\"6f8eefad\" data-element_type=\"widget\" data-settings=\"{&quot;htmega_fe&quot;:&quot;no&quot;}\" data-widget_type=\"heading.default\">\n\t\t\t\t<div class=\"elementor-widget-container\">\n\t\t\t\t\t<h2 class=\"elementor-heading-title elementor-size-default\">\u00a1Contacta conmigo hoy!<\/h2>\t\t\t\t<\/div>\n\t\t\t\t<\/div>\n\t\t\t\t<div class=\"elementor-element elementor-element-75b216dd elementor-widget elementor-widget-htmega-contactform-addons\" data-id=\"75b216dd\" data-element_type=\"widget\" data-settings=\"{&quot;htmega_fe&quot;:&quot;no&quot;}\" data-widget_type=\"htmega-contactform-addons.default\">\n\t\t\t\t<div class=\"elementor-widget-container\">\n\t\t\t\t\t            <div class=\"htmega-form-wrapper sid75b216dd htmega-form-style-3\" >\n                \n<div class=\"wpcf7 no-js\" id=\"wpcf7-f119-o1\" lang=\"en\" dir=\"ltr\" data-wpcf7-id=\"119\">\n<div class=\"screen-reader-response\"><p role=\"status\" aria-live=\"polite\" aria-atomic=\"true\"><\/p> <ul><\/ul><\/div>\n<form action=\"\/es\/wp-json\/wp\/v2\/pages\/198#wpcf7-f119-o1\" method=\"post\" class=\"wpcf7-form init\" aria-label=\"de contacto\" novalidate=\"novalidate\" data-status=\"init\" data-trp-original-action=\"\/es\/wp-json\/wp\/v2\/pages\/198#wpcf7-f119-o1\">\n<fieldset class=\"hidden-fields-container\"><input type=\"hidden\" name=\"_wpcf7\" value=\"119\" \/><input type=\"hidden\" name=\"_wpcf7_version\" value=\"6.1.1\" \/><input type=\"hidden\" name=\"_wpcf7_locale\" value=\"en\" \/><input type=\"hidden\" name=\"_wpcf7_unit_tag\" value=\"wpcf7-f119-o1\" \/><input type=\"hidden\" name=\"_wpcf7_container_post\" value=\"0\" \/><input type=\"hidden\" name=\"_wpcf7_posted_data_hash\" value=\"\" \/>\n<\/fieldset>\n<p><label> Su nombre<br \/>\n<span class=\"wpcf7-form-control-wrap\" data-name=\"your-name\"><input size=\"40\" maxlength=\"400\" class=\"wpcf7-form-control wpcf7-text wpcf7-validates-as-required\" autocomplete=\"name\" aria-required=\"true\" aria-invalid=\"false\" value=\"\" type=\"text\" name=\"your-name\" \/><\/span> <\/label>\n<\/p>\n<p><label> Tu correo electr\u00f3nico<br \/>\n<span class=\"wpcf7-form-control-wrap\" data-name=\"your-email\"><input size=\"40\" maxlength=\"400\" class=\"wpcf7-form-control wpcf7-email wpcf7-validates-as-required wpcf7-text wpcf7-validates-as-email\" autocomplete=\"email\" aria-required=\"true\" aria-invalid=\"false\" value=\"\" type=\"email\" name=\"your-email\" \/><\/span> <\/label>\n<\/p>\n<p><label> Sujeto<br \/>\n<span class=\"wpcf7-form-control-wrap\" data-name=\"your-subject\"><input size=\"40\" maxlength=\"400\" class=\"wpcf7-form-control wpcf7-text wpcf7-validates-as-required\" aria-required=\"true\" aria-invalid=\"false\" value=\"\" type=\"text\" name=\"your-subject\" \/><\/span> <\/label>\n<\/p>\n<p><label> Tu mensaje (opcional)<br \/>\n<span class=\"wpcf7-form-control-wrap\" data-name=\"your-message\"><textarea cols=\"40\" rows=\"10\" maxlength=\"2000\" class=\"wpcf7-form-control wpcf7-textarea\" aria-invalid=\"false\" name=\"your-message\"><\/textarea><\/span> <\/label>\n<\/p>\n<p><input class=\"wpcf7-form-control wpcf7-submit has-spinner\" type=\"submit\" value=\"Entregar\" \/>\n<\/p><div class=\"wpcf7-response-output\" aria-hidden=\"true\"><\/div>\n<input type=\"hidden\" name=\"trp-form-language\" value=\"es\"\/><\/form>\n<\/div>\n            <\/div>\n\n\n        \t\t\t\t<\/div>\n\t\t\t\t<\/div>\n\t\t\t\t<\/div>\n\t\t\t\t\t<\/div>\n\t\t\t\t<\/div>\n\t\t\t\t\t<\/div>\n\t\t\t\t<\/div>\n\t\t<div class=\"elementor-element elementor-element-525402c0 e-flex e-con-boxed e-con e-parent\" data-id=\"525402c0\" data-element_type=\"container\" data-settings=\"{&quot;background_background&quot;:&quot;classic&quot;}\">\n\t\t\t\t\t<div class=\"e-con-inner\">\n\t\t<div class=\"elementor-element elementor-element-1f781c2a e-grid e-con-boxed e-con e-child\" data-id=\"1f781c2a\" data-element_type=\"container\">\n\t\t\t\t\t<div class=\"e-con-inner\">\n\t\t<div class=\"elementor-element elementor-element-4d93868e e-con-full e-flex e-con e-child\" data-id=\"4d93868e\" data-element_type=\"container\">\n\t\t\t\t<div class=\"elementor-element elementor-element-186397a4 elementor-widget elementor-widget-icon-box\" data-id=\"186397a4\" data-element_type=\"widget\" data-settings=\"{&quot;htmega_fe&quot;:&quot;no&quot;}\" data-widget_type=\"icon-box.default\">\n\t\t\t\t<div class=\"elementor-widget-container\">\n\t\t\t\t\t\t\t<div class=\"elementor-icon-box-wrapper\">\n\n\t\t\t\n\t\t\t\t\t\t<div class=\"elementor-icon-box-content\">\n\n\t\t\t\t\t\t\t\t\t<h3 class=\"elementor-icon-box-title\">\n\t\t\t\t\t\t<span  >\n\t\t\t\t\t\t\tCorreo electr\u00f3nico\t\t\t\t\t\t<\/span>\n\t\t\t\t\t<\/h3>\n\t\t\t\t\n\t\t\t\t\t\t\t\t\t<p class=\"elementor-icon-box-description\">\n\t\t\t\t\t\tinfo@drerkincekickiran.com\t\t\t\t\t<\/p>\n\t\t\t\t\n\t\t\t<\/div>\n\t\t\t\n\t\t<\/div>\n\t\t\t\t\t\t<\/div>\n\t\t\t\t<\/div>\n\t\t\t\t<\/div>\n\t\t<div class=\"elementor-element elementor-element-32b47316 e-con-full e-flex e-con e-child\" data-id=\"32b47316\" data-element_type=\"container\">\n\t\t\t\t<div class=\"elementor-element elementor-element-43d2faa4 elementor-widget elementor-widget-icon-box\" data-id=\"43d2faa4\" data-element_type=\"widget\" data-settings=\"{&quot;htmega_fe&quot;:&quot;no&quot;}\" data-widget_type=\"icon-box.default\">\n\t\t\t\t<div class=\"elementor-widget-container\">\n\t\t\t\t\t\t\t<div class=\"elementor-icon-box-wrapper\">\n\n\t\t\t\n\t\t\t\t\t\t<div class=\"elementor-icon-box-content\">\n\n\t\t\t\t\t\t\t\t\t<h3 class=\"elementor-icon-box-title\">\n\t\t\t\t\t\t<a href=\"tel:+905545514331\" >\n\t\t\t\t\t\t\tTel\u00e9fono\t\t\t\t\t\t<\/a>\n\t\t\t\t\t<\/h3>\n\t\t\t\t\n\t\t\t\t\t\t\t\t\t<p class=\"elementor-icon-box-description\">\n\t\t\t\t\t\t+90 554 551 43 31\t\t\t\t\t<\/p>\n\t\t\t\t\n\t\t\t<\/div>\n\t\t\t\n\t\t<\/div>\n\t\t\t\t\t\t<\/div>\n\t\t\t\t<\/div>\n\t\t\t\t<\/div>\n\t\t<div class=\"elementor-element elementor-element-2b88aeb6 e-con-full e-flex e-con e-child\" data-id=\"2b88aeb6\" data-element_type=\"container\">\n\t\t\t\t<div class=\"elementor-element elementor-element-749ac916 elementor-widget elementor-widget-icon-box\" data-id=\"749ac916\" data-element_type=\"widget\" data-settings=\"{&quot;htmega_fe&quot;:&quot;no&quot;}\" data-widget_type=\"icon-box.default\">\n\t\t\t\t<div class=\"elementor-widget-container\">\n\t\t\t\t\t\t\t<div class=\"elementor-icon-box-wrapper\">\n\n\t\t\t\n\t\t\t\t\t\t<div class=\"elementor-icon-box-content\">\n\n\t\t\t\t\t\t\t\t\t<h3 class=\"elementor-icon-box-title\">\n\t\t\t\t\t\t<span  >\n\t\t\t\t\t\t\tUbicaci\u00f3n\t\t\t\t\t\t<\/span>\n\t\t\t\t\t<\/h3>\n\t\t\t\t\n\t\t\t\t\t\t\t\t\t<p class=\"elementor-icon-box-description\">\n\t\t\t\t\t\tErhan Apartman\u0131, Harbiye, Ma\u00e7ka Cd. no:16 kat:5 daire: 12, 34367 \u015ei\u015fli\/\u0130stanbul\t\t\t\t\t<\/p>\n\t\t\t\t\n\t\t\t<\/div>\n\t\t\t\n\t\t<\/div>\n\t\t\t\t\t\t<\/div>\n\t\t\t\t<\/div>\n\t\t\t\t<\/div>\n\t\t\t\t\t<\/div>\n\t\t\t\t<\/div>\n\t\t\t\t\t<\/div>\n\t\t\t\t<\/div>\n\t\t<div class=\"elementor-element elementor-element-573ae7a7 e-con-full e-flex e-con e-parent\" data-id=\"573ae7a7\" data-element_type=\"container\">\n\t\t\t\t<div class=\"elementor-element elementor-element-fef0691 elementor-widget elementor-widget-google_maps\" data-id=\"fef0691\" data-element_type=\"widget\" data-settings=\"{&quot;htmega_fe&quot;:&quot;no&quot;}\" data-widget_type=\"google_maps.default\">\n\t\t\t\t<div class=\"elementor-widget-container\">\n\t\t\t\t\t\t\t<div class=\"elementor-custom-embed\">\n\t\t\t<iframe loading=\"lazy\"\n\t\t\t\t\tsrc=\"https:\/\/maps.google.com\/maps?q=Dr.Erkin%20%C3%87eki%C3%A7k%C4%B1ran&#038;t=m&#038;z=20&#038;output=embed&#038;iwloc=near\"\n\t\t\t\t\ttitle=\"Dr. Erkin \u00c7eki\u00e7k\u0131ran\"\n\t\t\t\t\taria-label=\"Dr. Erkin \u00c7eki\u00e7k\u0131ran\"\n\t\t\t><\/iframe>\n\t\t<\/div>\n\t\t\t\t\t\t<\/div>\n\t\t\t\t<\/div>\n\t\t\t\t<\/div>\n\t\t\t\t<\/div>","protected":false},"excerpt":{"rendered":"<p>Smooth Wrinkles &#038; Refresh Your Look with Botox Botox is a trusted solution for reducing fine lines and preventing the formation of new wrinkles. Dr. Erkin applies Botox with precision, targeting facial muscles that contribute to expression lines \u2014 helping you look relaxed, rested, and naturally youthful. Key Benefits Smooths forehead lines, crow\u2019s feet, and [&hellip;]<\/p>","protected":false},"author":1,"featured_media":0,"parent":0,"menu_order":0,"comment_status":"closed","ping_status":"closed","template":"","meta":{"footnotes":""},"class_list":["post-198","page","type-page","status-publish","hentry"],"_links":{"self":[{"href":"http:\/\/drerkincekickiran.com\/es\/wp-json\/wp\/v2\/pages\/198","targetHints":{"allow":["GET"]}}],"collection":[{"href":"http:\/\/drerkincekickiran.com\/es\/wp-json\/wp\/v2\/pages"}],"about":[{"href":"http:\/\/drerkincekickiran.com\/es\/wp-json\/wp\/v2\/types\/page"}],"author":[{"embeddable":true,"href":"http:\/\/drerkincekickiran.com\/es\/wp-json\/wp\/v2\/users\/1"}],"replies":[{"embeddable":true,"href":"http:\/\/drerkincekickiran.com\/es\/wp-json\/wp\/v2\/comments?post=198"}],"version-history":[{"count":7,"href":"http:\/\/drerkincekickiran.com\/es\/wp-json\/wp\/v2\/pages\/198\/revisions"}],"predecessor-version":[{"id":273,"href":"http:\/\/drerkincekickiran.com\/es\/wp-json\/wp\/v2\/pages\/198\/revisions\/273"}],"wp:attachment":[{"href":"http:\/\/drerkincekickiran.com\/es\/wp-json\/wp\/v2\/media?parent=198"}],"curies":[{"name":"wp","href":"https:\/\/api.w.org\/{rel}","templated":true}]}}