{"id":68,"date":"2025-05-20T10:32:49","date_gmt":"2025-05-20T10:32:49","guid":{"rendered":"https:\/\/drerkincekickiran.com\/?page_id=68"},"modified":"2025-06-25T09:16:52","modified_gmt":"2025-06-25T09:16:52","slug":"my-services","status":"publish","type":"page","link":"http:\/\/drerkincekickiran.com\/en\/my-services\/","title":{"rendered":"My Services"},"content":{"rendered":"<div data-elementor-type=\"wp-page\" data-elementor-id=\"68\" class=\"elementor elementor-68\" data-elementor-post-type=\"page\">\n\t\t\t\t\t\t<section class=\"elementor-section elementor-top-section elementor-element elementor-element-8a70898 elementor-section-boxed elementor-section-height-default elementor-section-height-default\" data-id=\"8a70898\" data-element_type=\"section\">\n\t\t\t\t\t\t<div class=\"elementor-container elementor-column-gap-default\">\n\t\t\t\t\t<div class=\"elementor-column elementor-col-100 elementor-top-column elementor-element elementor-element-5801e93f\" data-id=\"5801e93f\" data-element_type=\"column\">\n\t\t\t<div class=\"elementor-widget-wrap elementor-element-populated\">\n\t\t\t\t\t\t<div class=\"elementor-element elementor-element-746b9b3e htmega-title-align-center elementor-widget elementor-widget-section-title-addons\" data-id=\"746b9b3e\" data-element_type=\"widget\" data-settings=\"{&quot;htmega_fe&quot;:&quot;no&quot;}\" data-widget_type=\"section-title-addons.default\">\n\t\t\t\t<div class=\"elementor-widget-container\">\n\t\t\t\t\t            <div class=\"htmega-746b9b3e htmega-section-title htmega-subtitle-position-bottom title-style-four htmega-section-title-order-parent image-bottom\">\n                <h2 class=\"section-title-txt\">My services<\/h2><div class=\"htmega-title-sperator-sec\"><span class=\"htmega-title-sperator\">&nbsp;<\/span><\/div><p class=\"section-subtitle-txt\">Explore our most requested non-surgical treatments designed to enhance your natural beauty with precision and care.<\/p>            <\/div>\n\n            \n        \t\t\t\t<\/div>\n\t\t\t\t<\/div>\n\t\t\t\t\t<\/div>\n\t\t<\/div>\n\t\t\t\t\t<\/div>\n\t\t<\/section>\n\t\t\t\t<section class=\"elementor-section elementor-top-section elementor-element elementor-element-696fe56 elementor-section-boxed elementor-section-height-default elementor-section-height-default\" data-id=\"696fe56\" data-element_type=\"section\">\n\t\t\t\t\t\t<div class=\"elementor-container elementor-column-gap-default\">\n\t\t\t\t\t<div class=\"elementor-column elementor-col-50 elementor-top-column elementor-element elementor-element-3a9a7dae\" data-id=\"3a9a7dae\" data-element_type=\"column\">\n\t\t\t<div class=\"elementor-widget-wrap elementor-element-populated\">\n\t\t\t\t\t\t<div class=\"elementor-element elementor-element-41e194c7 elementor-widget elementor-widget-htmega-service-addons\" data-id=\"41e194c7\" data-element_type=\"widget\" data-settings=\"{&quot;htmega_fe&quot;:&quot;no&quot;}\" data-widget_type=\"htmega-service-addons.default\">\n\t\t\t\t<div class=\"elementor-widget-container\">\n\t\t\t\t\t            <div class=\"htmega-service htmega-service-style-4\" >\n                <div class=\"thumb\"><a href=\"https:\/\/drerkincekickiran.com\/en\/?page_id=198\"><img fetchpriority=\"high\" decoding=\"async\" width=\"800\" height=\"534\" src=\"https:\/\/drerkincekickiran.com\/wp-content\/uploads\/2025\/06\/botox-frequency-dr-steinbrech-ny.webp\" class=\"attachment-large size-large wp-image-181\" alt=\"\" srcset=\"http:\/\/drerkincekickiran.com\/wp-content\/uploads\/2025\/06\/botox-frequency-dr-steinbrech-ny.webp 1000w, http:\/\/drerkincekickiran.com\/wp-content\/uploads\/2025\/06\/botox-frequency-dr-steinbrech-ny-300x200.webp 300w, http:\/\/drerkincekickiran.com\/wp-content\/uploads\/2025\/06\/botox-frequency-dr-steinbrech-ny-768x512.webp 768w\" sizes=\"(max-width: 800px) 100vw, 800px\" \/><\/a><\/div>                <div class=\"content\">\n                    <h4 class=\"service-title\"><a href=\"https:\/\/drerkincekickiran.com\/en\/?page_id=198\">Botox &amp; Wrinkle Treatment<\/a><\/h4><p>Smooth out dynamic wrinkles and fine lines with minimally invasive Botox applications. Ideal for forehead, frown lines, crow\u2019s feet, and more.\n\n<\/p>                <\/div>\n            <\/div>\n\n        \t\t\t\t<\/div>\n\t\t\t\t<\/div>\n\t\t\t\t<div class=\"elementor-element elementor-element-23f4f652 elementor-widget elementor-widget-htmega-service-addons\" data-id=\"23f4f652\" data-element_type=\"widget\" data-settings=\"{&quot;htmega_fe&quot;:&quot;no&quot;}\" data-widget_type=\"htmega-service-addons.default\">\n\t\t\t\t<div class=\"elementor-widget-container\">\n\t\t\t\t\t            <div class=\"htmega-service htmega-service-style-4\" >\n                <div class=\"thumb\"><a href=\"https:\/\/drerkincekickiran.com\/en\/?page_id=179\"><img decoding=\"async\" width=\"800\" height=\"640\" src=\"https:\/\/drerkincekickiran.com\/wp-content\/uploads\/2025\/06\/Dermal-Fillers-Treatment-Areas-1024x819.webp\" class=\"attachment-large size-large wp-image-194\" alt=\"\" srcset=\"http:\/\/drerkincekickiran.com\/wp-content\/uploads\/2025\/06\/Dermal-Fillers-Treatment-Areas-1024x819.webp 1024w, http:\/\/drerkincekickiran.com\/wp-content\/uploads\/2025\/06\/Dermal-Fillers-Treatment-Areas-300x240.webp 300w, http:\/\/drerkincekickiran.com\/wp-content\/uploads\/2025\/06\/Dermal-Fillers-Treatment-Areas-768x614.webp 768w, http:\/\/drerkincekickiran.com\/wp-content\/uploads\/2025\/06\/Dermal-Fillers-Treatment-Areas.webp 1200w\" sizes=\"(max-width: 800px) 100vw, 800px\" \/><\/a><\/div>                <div class=\"content\">\n                    <h4 class=\"service-title\"><a href=\"https:\/\/drerkincekickiran.com\/en\/?page_id=179\">Dermal Fillers (Russian Lip, Jawline, Cheeks)<\/a><\/h4><p>Enhance facial contours and restore volume with precision techniques like Russian lips, jawline sculpting, and cheek contouring \u2014 for a naturally youthful look.\n\n<\/p>                <\/div>\n            <\/div>\n\n        \t\t\t\t<\/div>\n\t\t\t\t<\/div>\n\t\t\t\t<div class=\"elementor-element elementor-element-3969fefb elementor-widget elementor-widget-htmega-service-addons\" data-id=\"3969fefb\" data-element_type=\"widget\" data-settings=\"{&quot;htmega_fe&quot;:&quot;no&quot;}\" data-widget_type=\"htmega-service-addons.default\">\n\t\t\t\t<div class=\"elementor-widget-container\">\n\t\t\t\t\t            <div class=\"htmega-service htmega-service-style-4\" >\n                <div class=\"thumb\"><a href=\"#\"><img decoding=\"async\" width=\"800\" height=\"600\" src=\"https:\/\/drerkincekickiran.com\/wp-content\/uploads\/2025\/06\/stem-cell-therapy-1.png\" class=\"attachment-large size-large wp-image-221\" alt=\"\" srcset=\"http:\/\/drerkincekickiran.com\/wp-content\/uploads\/2025\/06\/stem-cell-therapy-1.png 1024w, http:\/\/drerkincekickiran.com\/wp-content\/uploads\/2025\/06\/stem-cell-therapy-1-300x225.png 300w, http:\/\/drerkincekickiran.com\/wp-content\/uploads\/2025\/06\/stem-cell-therapy-1-768x576.png 768w\" sizes=\"(max-width: 800px) 100vw, 800px\" \/><\/a><\/div>                <div class=\"content\">\n                    <h4 class=\"service-title\"><a href=\"#\">Stem Cell Treatments<\/a><\/h4><p>Promote cellular renewal and deep skin repair through stem cell-based therapies \u2014 a cutting-edge solution for anti-aging and skin regeneration.\n\n<\/p>                <\/div>\n            <\/div>\n\n        \t\t\t\t<\/div>\n\t\t\t\t<\/div>\n\t\t\t\t\t<\/div>\n\t\t<\/div>\n\t\t\t\t<div class=\"elementor-column elementor-col-50 elementor-top-column elementor-element elementor-element-5c249773\" data-id=\"5c249773\" data-element_type=\"column\">\n\t\t\t<div class=\"elementor-widget-wrap elementor-element-populated\">\n\t\t\t\t\t\t<div class=\"elementor-element elementor-element-5e6ca32e elementor-widget elementor-widget-htmega-service-addons\" data-id=\"5e6ca32e\" data-element_type=\"widget\" data-settings=\"{&quot;htmega_fe&quot;:&quot;no&quot;}\" data-widget_type=\"htmega-service-addons.default\">\n\t\t\t\t<div class=\"elementor-widget-container\">\n\t\t\t\t\t            <div class=\"htmega-service htmega-service-style-4\" >\n                <div class=\"thumb\"><a href=\"https:\/\/drerkincekickiran.com\/en\/?page_id=203\"><img loading=\"lazy\" decoding=\"async\" width=\"800\" height=\"450\" src=\"https:\/\/drerkincekickiran.com\/wp-content\/uploads\/2025\/06\/Exosome-Hair-Therapy-vs-PRP-What-Treatment-Is-Right-for-Your-Aesthetics-Practice-PRP-Treatment-1024x576.webp\" class=\"attachment-large size-large wp-image-205\" alt=\"\" srcset=\"http:\/\/drerkincekickiran.com\/wp-content\/uploads\/2025\/06\/Exosome-Hair-Therapy-vs-PRP-What-Treatment-Is-Right-for-Your-Aesthetics-Practice-PRP-Treatment-1024x576.webp 1024w, http:\/\/drerkincekickiran.com\/wp-content\/uploads\/2025\/06\/Exosome-Hair-Therapy-vs-PRP-What-Treatment-Is-Right-for-Your-Aesthetics-Practice-PRP-Treatment-300x169.webp 300w, http:\/\/drerkincekickiran.com\/wp-content\/uploads\/2025\/06\/Exosome-Hair-Therapy-vs-PRP-What-Treatment-Is-Right-for-Your-Aesthetics-Practice-PRP-Treatment-768x432.webp 768w, http:\/\/drerkincekickiran.com\/wp-content\/uploads\/2025\/06\/Exosome-Hair-Therapy-vs-PRP-What-Treatment-Is-Right-for-Your-Aesthetics-Practice-PRP-Treatment.webp 1280w\" sizes=\"(max-width: 800px) 100vw, 800px\" \/><\/a><\/div>                <div class=\"content\">\n                    <h4 class=\"service-title\"><a href=\"https:\/\/drerkincekickiran.com\/en\/?page_id=203\"> PRP &amp; Exosome Therapies<\/a><\/h4><p>Regenerate and rejuvenate skin using your body\u2019s own healing factors. Platelet-rich plasma and exosomes stimulate collagen, improve texture, and promote overall skin health.\n\n<\/p>                <\/div>\n            <\/div>\n\n        \t\t\t\t<\/div>\n\t\t\t\t<\/div>\n\t\t\t\t<div class=\"elementor-element elementor-element-23c77eaf elementor-widget elementor-widget-htmega-service-addons\" data-id=\"23c77eaf\" data-element_type=\"widget\" data-settings=\"{&quot;htmega_fe&quot;:&quot;no&quot;}\" data-widget_type=\"htmega-service-addons.default\">\n\t\t\t\t<div class=\"elementor-widget-container\">\n\t\t\t\t\t            <div class=\"htmega-service htmega-service-style-4\" >\n                <div class=\"thumb\"><a href=\"#\"><img loading=\"lazy\" decoding=\"async\" width=\"600\" height=\"600\" src=\"https:\/\/drerkincekickiran.com\/wp-content\/uploads\/2025\/06\/laser-rejuvination-treatment-sydney-hero.jpg\" class=\"attachment-large size-large wp-image-219\" alt=\"\" srcset=\"http:\/\/drerkincekickiran.com\/wp-content\/uploads\/2025\/06\/laser-rejuvination-treatment-sydney-hero.jpg 600w, http:\/\/drerkincekickiran.com\/wp-content\/uploads\/2025\/06\/laser-rejuvination-treatment-sydney-hero-300x300.jpg 300w, http:\/\/drerkincekickiran.com\/wp-content\/uploads\/2025\/06\/laser-rejuvination-treatment-sydney-hero-150x150.jpg 150w\" sizes=\"(max-width: 600px) 100vw, 600px\" \/><\/a><\/div>                <div class=\"content\">\n                    <h4 class=\"service-title\"><a href=\"#\">Laser Skin Rejuvenation<\/a><\/h4><p>Revitalize your skin with advanced laser technology. Treat pigmentation, scars, fine lines, and uneven tone for a brighter, firmer complexion.\n\n<\/p>                <\/div>\n            <\/div>\n\n        \t\t\t\t<\/div>\n\t\t\t\t<\/div>\n\t\t\t\t<div class=\"elementor-element elementor-element-78fc9aa6 elementor-widget elementor-widget-htmega-service-addons\" data-id=\"78fc9aa6\" data-element_type=\"widget\" data-settings=\"{&quot;htmega_fe&quot;:&quot;no&quot;}\" data-widget_type=\"htmega-service-addons.default\">\n\t\t\t\t<div class=\"elementor-widget-container\">\n\t\t\t\t\t            <div class=\"htmega-service htmega-service-style-4\" >\n                <div class=\"thumb\"><a href=\"#\"><img loading=\"lazy\" decoding=\"async\" width=\"562\" height=\"375\" src=\"https:\/\/drerkincekickiran.com\/wp-content\/uploads\/2025\/06\/TRM-Non-surgical-Face-lift-2.webp\" class=\"attachment-full size-full wp-image-226\" alt=\"\" srcset=\"http:\/\/drerkincekickiran.com\/wp-content\/uploads\/2025\/06\/TRM-Non-surgical-Face-lift-2.webp 562w, http:\/\/drerkincekickiran.com\/wp-content\/uploads\/2025\/06\/TRM-Non-surgical-Face-lift-2-300x200.webp 300w\" sizes=\"(max-width: 562px) 100vw, 562px\" \/><\/a><\/div>                <div class=\"content\">\n                    <h4 class=\"service-title\"><a href=\"#\">Thread Lift (Non-Surgical Face Lift)<\/a><\/h4><p>Lift and tighten sagging skin with dissolvable threads \u2014 a safe, non-surgical technique for rejuvenating the mid-face, jawline, and neck.<\/p>                <\/div>\n            <\/div>\n\n        \t\t\t\t<\/div>\n\t\t\t\t<\/div>\n\t\t\t\t\t<\/div>\n\t\t<\/div>\n\t\t\t\t\t<\/div>\n\t\t<\/section>\n\t\t<div class=\"elementor-element elementor-element-1f49b245 e-flex e-con-boxed e-con e-parent\" data-id=\"1f49b245\" data-element_type=\"container\">\n\t\t\t\t\t<div class=\"e-con-inner\">\n\t\t<div class=\"elementor-element elementor-element-244f0570 e-grid e-con-full e-con e-child\" data-id=\"244f0570\" data-element_type=\"container\">\n\t\t<div class=\"elementor-element elementor-element-8145559 e-con-full e-flex e-con e-child\" data-id=\"8145559\" data-element_type=\"container\">\n\t\t\t\t<div class=\"elementor-element elementor-element-7845948 elementor-widget elementor-widget-heading\" data-id=\"7845948\" data-element_type=\"widget\" data-settings=\"{&quot;htmega_fe&quot;:&quot;no&quot;}\" data-widget_type=\"heading.default\">\n\t\t\t\t<div class=\"elementor-widget-container\">\n\t\t\t\t\t<h2 class=\"elementor-heading-title elementor-size-default\">Let's Get in Touch<\/h2>\t\t\t\t<\/div>\n\t\t\t\t<\/div>\n\t\t\t\t<div class=\"elementor-element elementor-element-1647c64d elementor-widget__width-initial elementor-widget-tablet__width-initial elementor-widget elementor-widget-heading\" data-id=\"1647c64d\" data-element_type=\"widget\" data-settings=\"{&quot;htmega_fe&quot;:&quot;no&quot;}\" data-widget_type=\"heading.default\">\n\t\t\t\t<div class=\"elementor-widget-container\">\n\t\t\t\t\t<p class=\"elementor-heading-title elementor-size-default\">I'd love to hear from you! Feel free to reach out for appointments, questions, or collaborations.<\/p>\t\t\t\t<\/div>\n\t\t\t\t<\/div>\n\t\t\t\t<\/div>\n\t\t\t\t<\/div>\n\t\t<div class=\"elementor-element elementor-element-2897b44a e-grid e-con-boxed e-con e-child\" data-id=\"2897b44a\" data-element_type=\"container\">\n\t\t\t\t\t<div class=\"e-con-inner\">\n\t\t<div class=\"elementor-element elementor-element-6e558632 e-con-full e-flex e-con e-child\" data-id=\"6e558632\" data-element_type=\"container\">\n\t\t\t\t<div class=\"elementor-element elementor-element-628eaae6 elementor-widget elementor-widget-image\" data-id=\"628eaae6\" data-element_type=\"widget\" data-settings=\"{&quot;htmega_fe&quot;:&quot;no&quot;}\" data-widget_type=\"image.default\">\n\t\t\t\t<div class=\"elementor-widget-container\">\n\t\t\t\t\t\t\t\t\t\t\t\t\t\t\t<img loading=\"lazy\" decoding=\"async\" width=\"800\" height=\"1000\" src=\"https:\/\/drerkincekickiran.com\/wp-content\/uploads\/2025\/05\/erkin-819x1024.jpg\" class=\"attachment-large size-large wp-image-94\" alt=\"\" srcset=\"https:\/\/drerkincekickiran.com\/wp-content\/uploads\/2025\/05\/erkin-819x1024.jpg 819w, https:\/\/drerkincekickiran.com\/wp-content\/uploads\/2025\/05\/erkin-240x300.jpg 240w, https:\/\/drerkincekickiran.com\/wp-content\/uploads\/2025\/05\/erkin-768x960.jpg 768w, https:\/\/drerkincekickiran.com\/wp-content\/uploads\/2025\/05\/erkin.jpg 1080w\" sizes=\"(max-width: 800px) 100vw, 800px\" \/>\t\t\t\t\t\t\t\t\t\t\t\t\t\t\t<\/div>\n\t\t\t\t<\/div>\n\t\t\t\t<\/div>\n\t\t<div class=\"elementor-element elementor-element-3fe951fa e-con-full e-flex e-con e-child\" data-id=\"3fe951fa\" data-element_type=\"container\" data-settings=\"{&quot;background_background&quot;:&quot;classic&quot;}\">\n\t\t\t\t<div class=\"elementor-element elementor-element-597f7a9f elementor-widget elementor-widget-heading\" data-id=\"597f7a9f\" data-element_type=\"widget\" data-settings=\"{&quot;htmega_fe&quot;:&quot;no&quot;}\" data-widget_type=\"heading.default\">\n\t\t\t\t<div class=\"elementor-widget-container\">\n\t\t\t\t\t<h2 class=\"elementor-heading-title elementor-size-default\">Contact With Me Today!<\/h2>\t\t\t\t<\/div>\n\t\t\t\t<\/div>\n\t\t\t\t<div class=\"elementor-element elementor-element-3713d3ee elementor-widget elementor-widget-htmega-contactform-addons\" data-id=\"3713d3ee\" data-element_type=\"widget\" data-settings=\"{&quot;htmega_fe&quot;:&quot;no&quot;}\" data-widget_type=\"htmega-contactform-addons.default\">\n\t\t\t\t<div class=\"elementor-widget-container\">\n\t\t\t\t\t            <div class=\"htmega-form-wrapper sid3713d3ee htmega-form-style-3\" >\n                \n<div class=\"wpcf7 no-js\" id=\"wpcf7-f119-o1\" lang=\"en\" dir=\"ltr\" data-wpcf7-id=\"119\">\n<div class=\"screen-reader-response\"><p role=\"status\" aria-live=\"polite\" aria-atomic=\"true\"><\/p> <ul><\/ul><\/div>\n<form action=\"\/en\/wp-json\/wp\/v2\/pages\/68#wpcf7-f119-o1\" method=\"post\" class=\"wpcf7-form init\" aria-label=\"Contact form\" novalidate=\"novalidate\" data-status=\"init\" data-trp-original-action=\"\/en\/wp-json\/wp\/v2\/pages\/68#wpcf7-f119-o1\">\n<fieldset class=\"hidden-fields-container\"><input type=\"hidden\" name=\"_wpcf7\" value=\"119\" \/><input type=\"hidden\" name=\"_wpcf7_version\" value=\"6.1.1\" \/><input type=\"hidden\" name=\"_wpcf7_locale\" value=\"en\" \/><input type=\"hidden\" name=\"_wpcf7_unit_tag\" value=\"wpcf7-f119-o1\" \/><input type=\"hidden\" name=\"_wpcf7_container_post\" value=\"0\" \/><input type=\"hidden\" name=\"_wpcf7_posted_data_hash\" value=\"\" \/>\n<\/fieldset>\n<p><label> Your name<br \/>\n<span class=\"wpcf7-form-control-wrap\" data-name=\"your-name\"><input size=\"40\" maxlength=\"400\" class=\"wpcf7-form-control wpcf7-text wpcf7-validates-as-required\" autocomplete=\"name\" aria-required=\"true\" aria-invalid=\"false\" value=\"\" type=\"text\" name=\"your-name\" \/><\/span> <\/label>\n<\/p>\n<p><label> Your email<br \/>\n<span class=\"wpcf7-form-control-wrap\" data-name=\"your-email\"><input size=\"40\" maxlength=\"400\" class=\"wpcf7-form-control wpcf7-email wpcf7-validates-as-required wpcf7-text wpcf7-validates-as-email\" autocomplete=\"email\" aria-required=\"true\" aria-invalid=\"false\" value=\"\" type=\"email\" name=\"your-email\" \/><\/span> <\/label>\n<\/p>\n<p><label> Subject<br \/>\n<span class=\"wpcf7-form-control-wrap\" data-name=\"your-subject\"><input size=\"40\" maxlength=\"400\" class=\"wpcf7-form-control wpcf7-text wpcf7-validates-as-required\" aria-required=\"true\" aria-invalid=\"false\" value=\"\" type=\"text\" name=\"your-subject\" \/><\/span> <\/label>\n<\/p>\n<p><label> Your message (optional)<br \/>\n<span class=\"wpcf7-form-control-wrap\" data-name=\"your-message\"><textarea cols=\"40\" rows=\"10\" maxlength=\"2000\" class=\"wpcf7-form-control wpcf7-textarea\" aria-invalid=\"false\" name=\"your-message\"><\/textarea><\/span> <\/label>\n<\/p>\n<p><input class=\"wpcf7-form-control wpcf7-submit has-spinner\" type=\"submit\" value=\"Submit\" \/>\n<\/p><div class=\"wpcf7-response-output\" aria-hidden=\"true\"><\/div>\n<input type=\"hidden\" name=\"trp-form-language\" value=\"en\"\/><\/form>\n<\/div>\n            <\/div>\n\n\n        \t\t\t\t<\/div>\n\t\t\t\t<\/div>\n\t\t\t\t<\/div>\n\t\t\t\t\t<\/div>\n\t\t\t\t<\/div>\n\t\t\t\t\t<\/div>\n\t\t\t\t<\/div>\n\t\t<div class=\"elementor-element elementor-element-6bbbc5ca e-flex e-con-boxed e-con e-parent\" data-id=\"6bbbc5ca\" data-element_type=\"container\" data-settings=\"{&quot;background_background&quot;:&quot;classic&quot;}\">\n\t\t\t\t\t<div class=\"e-con-inner\">\n\t\t<div class=\"elementor-element elementor-element-33bc65c e-grid e-con-boxed e-con e-child\" data-id=\"33bc65c\" data-element_type=\"container\">\n\t\t\t\t\t<div class=\"e-con-inner\">\n\t\t<div class=\"elementor-element elementor-element-aee744e e-con-full e-flex e-con e-child\" data-id=\"aee744e\" data-element_type=\"container\">\n\t\t\t\t<div class=\"elementor-element elementor-element-56846310 elementor-widget elementor-widget-icon-box\" data-id=\"56846310\" data-element_type=\"widget\" data-settings=\"{&quot;htmega_fe&quot;:&quot;no&quot;}\" data-widget_type=\"icon-box.default\">\n\t\t\t\t<div class=\"elementor-widget-container\">\n\t\t\t\t\t\t\t<div class=\"elementor-icon-box-wrapper\">\n\n\t\t\t\n\t\t\t\t\t\t<div class=\"elementor-icon-box-content\">\n\n\t\t\t\t\t\t\t\t\t<h3 class=\"elementor-icon-box-title\">\n\t\t\t\t\t\t<span  >\n\t\t\t\t\t\t\tEmail\t\t\t\t\t\t<\/span>\n\t\t\t\t\t<\/h3>\n\t\t\t\t\n\t\t\t\t\t\t\t\t\t<p class=\"elementor-icon-box-description\">\n\t\t\t\t\t\tinfo@drerkincekickiran.com\t\t\t\t\t<\/p>\n\t\t\t\t\n\t\t\t<\/div>\n\t\t\t\n\t\t<\/div>\n\t\t\t\t\t\t<\/div>\n\t\t\t\t<\/div>\n\t\t\t\t<\/div>\n\t\t<div class=\"elementor-element elementor-element-54cdff4b e-con-full e-flex e-con e-child\" data-id=\"54cdff4b\" data-element_type=\"container\">\n\t\t\t\t<div class=\"elementor-element elementor-element-1ae9b0bc elementor-widget elementor-widget-icon-box\" data-id=\"1ae9b0bc\" data-element_type=\"widget\" data-settings=\"{&quot;htmega_fe&quot;:&quot;no&quot;}\" data-widget_type=\"icon-box.default\">\n\t\t\t\t<div class=\"elementor-widget-container\">\n\t\t\t\t\t\t\t<div class=\"elementor-icon-box-wrapper\">\n\n\t\t\t\n\t\t\t\t\t\t<div class=\"elementor-icon-box-content\">\n\n\t\t\t\t\t\t\t\t\t<h3 class=\"elementor-icon-box-title\">\n\t\t\t\t\t\t<a href=\"tel:+905545514331\" >\n\t\t\t\t\t\t\tPhone\t\t\t\t\t\t<\/a>\n\t\t\t\t\t<\/h3>\n\t\t\t\t\n\t\t\t\t\t\t\t\t\t<p class=\"elementor-icon-box-description\">\n\t\t\t\t\t\t+90 554 551 43 31\t\t\t\t\t<\/p>\n\t\t\t\t\n\t\t\t<\/div>\n\t\t\t\n\t\t<\/div>\n\t\t\t\t\t\t<\/div>\n\t\t\t\t<\/div>\n\t\t\t\t<\/div>\n\t\t<div class=\"elementor-element elementor-element-66c3a9fe e-con-full e-flex e-con e-child\" data-id=\"66c3a9fe\" data-element_type=\"container\">\n\t\t\t\t<div class=\"elementor-element elementor-element-3345bd9b elementor-widget elementor-widget-icon-box\" data-id=\"3345bd9b\" data-element_type=\"widget\" data-settings=\"{&quot;htmega_fe&quot;:&quot;no&quot;}\" data-widget_type=\"icon-box.default\">\n\t\t\t\t<div class=\"elementor-widget-container\">\n\t\t\t\t\t\t\t<div class=\"elementor-icon-box-wrapper\">\n\n\t\t\t\n\t\t\t\t\t\t<div class=\"elementor-icon-box-content\">\n\n\t\t\t\t\t\t\t\t\t<h3 class=\"elementor-icon-box-title\">\n\t\t\t\t\t\t<span  >\n\t\t\t\t\t\t\tLocation\t\t\t\t\t\t<\/span>\n\t\t\t\t\t<\/h3>\n\t\t\t\t\n\t\t\t\t\t\t\t\t\t<p class=\"elementor-icon-box-description\">\n\t\t\t\t\t\tErhan Apartman\u0131, Harbiye, Ma\u00e7ka Cd. no:16 kat:5 daire: 12, 34367 \u015ei\u015fli\/\u0130stanbul\t\t\t\t\t<\/p>\n\t\t\t\t\n\t\t\t<\/div>\n\t\t\t\n\t\t<\/div>\n\t\t\t\t\t\t<\/div>\n\t\t\t\t<\/div>\n\t\t\t\t<\/div>\n\t\t\t\t\t<\/div>\n\t\t\t\t<\/div>\n\t\t\t\t\t<\/div>\n\t\t\t\t<\/div>\n\t\t<div class=\"elementor-element elementor-element-54e44a5f e-con-full e-flex e-con e-parent\" data-id=\"54e44a5f\" data-element_type=\"container\">\n\t\t\t\t<div class=\"elementor-element elementor-element-3b49e9d4 elementor-widget elementor-widget-google_maps\" data-id=\"3b49e9d4\" data-element_type=\"widget\" data-settings=\"{&quot;htmega_fe&quot;:&quot;no&quot;}\" data-widget_type=\"google_maps.default\">\n\t\t\t\t<div class=\"elementor-widget-container\">\n\t\t\t\t\t\t\t<div class=\"elementor-custom-embed\">\n\t\t\t<iframe loading=\"lazy\"\n\t\t\t\t\tsrc=\"https:\/\/maps.google.com\/maps?q=Dr.Erkin%20%C3%87eki%C3%A7k%C4%B1ran&#038;t=m&#038;z=20&#038;output=embed&#038;iwloc=near\"\n\t\t\t\t\ttitle=\"Dr.Erkin \u00c7eki\u00e7k\u0131ran\"\n\t\t\t\t\taria-label=\"Dr.Erkin \u00c7eki\u00e7k\u0131ran\"\n\t\t\t><\/iframe>\n\t\t<\/div>\n\t\t\t\t\t\t<\/div>\n\t\t\t\t<\/div>\n\t\t\t\t<\/div>\n\t\t\t\t<\/div>","protected":false},"excerpt":{"rendered":"<p>My services &nbsp; Explore our most requested non-surgical treatments designed to enhance your natural beauty with precision and care. Botox &amp; Wrinkle Treatment Smooth out dynamic wrinkles and fine lines with minimally invasive Botox applications. Ideal for forehead, frown lines, crow\u2019s feet, and more. Dermal Fillers (Russian Lip, Jawline, Cheeks) Enhance facial contours and restore [&hellip;]<\/p>","protected":false},"author":1,"featured_media":0,"parent":0,"menu_order":0,"comment_status":"closed","ping_status":"closed","template":"elementor_header_footer","meta":{"footnotes":""},"class_list":["post-68","page","type-page","status-publish","hentry"],"_links":{"self":[{"href":"http:\/\/drerkincekickiran.com\/en\/wp-json\/wp\/v2\/pages\/68","targetHints":{"allow":["GET"]}}],"collection":[{"href":"http:\/\/drerkincekickiran.com\/en\/wp-json\/wp\/v2\/pages"}],"about":[{"href":"http:\/\/drerkincekickiran.com\/en\/wp-json\/wp\/v2\/types\/page"}],"author":[{"embeddable":true,"href":"http:\/\/drerkincekickiran.com\/en\/wp-json\/wp\/v2\/users\/1"}],"replies":[{"embeddable":true,"href":"http:\/\/drerkincekickiran.com\/en\/wp-json\/wp\/v2\/comments?post=68"}],"version-history":[{"count":25,"href":"http:\/\/drerkincekickiran.com\/en\/wp-json\/wp\/v2\/pages\/68\/revisions"}],"predecessor-version":[{"id":267,"href":"http:\/\/drerkincekickiran.com\/en\/wp-json\/wp\/v2\/pages\/68\/revisions\/267"}],"wp:attachment":[{"href":"http:\/\/drerkincekickiran.com\/en\/wp-json\/wp\/v2\/media?parent=68"}],"curies":[{"name":"wp","href":"https:\/\/api.w.org\/{rel}","templated":true}]}}