{"id":51,"date":"2025-05-20T10:29:17","date_gmt":"2025-05-20T10:29:17","guid":{"rendered":"https:\/\/drerkincekickiran.com\/?page_id=51"},"modified":"2025-06-25T09:06:31","modified_gmt":"2025-06-25T09:06:31","slug":"contact-me","status":"publish","type":"page","link":"http:\/\/drerkincekickiran.com\/ar\/contact-me\/","title":{"rendered":"\u0627\u062a\u0635\u0644 \u0628\u064a"},"content":{"rendered":"<div data-elementor-type=\"wp-page\" data-elementor-id=\"51\" class=\"elementor elementor-51\" data-elementor-post-type=\"page\">\n\t\t\t\t<div class=\"elementor-element elementor-element-4d3b2c79 e-flex e-con-boxed e-con e-parent\" data-id=\"4d3b2c79\" data-element_type=\"container\">\n\t\t\t\t\t<div class=\"e-con-inner\">\n\t\t<div class=\"elementor-element elementor-element-3e148c59 e-grid e-con-full e-con e-child\" data-id=\"3e148c59\" data-element_type=\"container\">\n\t\t<div class=\"elementor-element elementor-element-7bfc6dda e-con-full e-flex e-con e-child\" data-id=\"7bfc6dda\" data-element_type=\"container\">\n\t\t\t\t<div class=\"elementor-element elementor-element-3b0d8b3 elementor-widget elementor-widget-heading\" data-id=\"3b0d8b3\" data-element_type=\"widget\" data-settings=\"{&quot;htmega_fe&quot;:&quot;no&quot;}\" data-widget_type=\"heading.default\">\n\t\t\t\t<div class=\"elementor-widget-container\">\n\t\t\t\t\t<h2 class=\"elementor-heading-title elementor-size-default\">\u062f\u0639\u0648\u0646\u0627 \u0646\u062a\u0648\u0627\u0635\u0644<\/h2>\t\t\t\t<\/div>\n\t\t\t\t<\/div>\n\t\t\t\t<div class=\"elementor-element elementor-element-5074d1b1 elementor-widget__width-initial elementor-widget-tablet__width-initial elementor-widget elementor-widget-heading\" data-id=\"5074d1b1\" data-element_type=\"widget\" data-settings=\"{&quot;htmega_fe&quot;:&quot;no&quot;}\" data-widget_type=\"heading.default\">\n\t\t\t\t<div class=\"elementor-widget-container\">\n\t\t\t\t\t<p class=\"elementor-heading-title elementor-size-default\">\u064a\u0633\u0639\u062f\u0646\u064a \u0627\u0644\u062a\u0648\u0627\u0635\u0644 \u0645\u0639\u0643! \u0644\u0627 \u062a\u062a\u0631\u062f\u062f \u0641\u064a \u0627\u0644\u062a\u0648\u0627\u0635\u0644 \u0645\u0639\u0646\u0627 \u0644\u0644\u0645\u0648\u0627\u0639\u064a\u062f \u0623\u0648 \u0627\u0644\u0627\u0633\u062a\u0641\u0633\u0627\u0631\u0627\u062a \u0623\u0648 \u0627\u0644\u062a\u0639\u0627\u0648\u0646.<\/p>\t\t\t\t<\/div>\n\t\t\t\t<\/div>\n\t\t\t\t<\/div>\n\t\t\t\t<\/div>\n\t\t<div class=\"elementor-element elementor-element-724fc67e e-grid e-con-boxed e-con e-child\" data-id=\"724fc67e\" data-element_type=\"container\">\n\t\t\t\t\t<div class=\"e-con-inner\">\n\t\t<div class=\"elementor-element elementor-element-28c1a559 e-con-full e-flex e-con e-child\" data-id=\"28c1a559\" data-element_type=\"container\">\n\t\t\t\t<div class=\"elementor-element elementor-element-70dc24fe elementor-widget elementor-widget-image\" data-id=\"70dc24fe\" data-element_type=\"widget\" data-settings=\"{&quot;htmega_fe&quot;:&quot;no&quot;}\" data-widget_type=\"image.default\">\n\t\t\t\t<div class=\"elementor-widget-container\">\n\t\t\t\t\t\t\t\t\t\t\t\t\t\t\t<img fetchpriority=\"high\" decoding=\"async\" width=\"800\" height=\"1000\" src=\"https:\/\/drerkincekickiran.com\/wp-content\/uploads\/2025\/05\/erkin-819x1024.jpg\" class=\"attachment-large size-large wp-image-94\" alt=\"\" srcset=\"https:\/\/drerkincekickiran.com\/wp-content\/uploads\/2025\/05\/erkin-819x1024.jpg 819w, https:\/\/drerkincekickiran.com\/wp-content\/uploads\/2025\/05\/erkin-240x300.jpg 240w, https:\/\/drerkincekickiran.com\/wp-content\/uploads\/2025\/05\/erkin-768x960.jpg 768w, https:\/\/drerkincekickiran.com\/wp-content\/uploads\/2025\/05\/erkin.jpg 1080w\" sizes=\"(max-width: 800px) 100vw, 800px\" \/>\t\t\t\t\t\t\t\t\t\t\t\t\t\t\t<\/div>\n\t\t\t\t<\/div>\n\t\t\t\t<\/div>\n\t\t<div class=\"elementor-element elementor-element-729fa059 e-con-full e-flex e-con e-child\" data-id=\"729fa059\" data-element_type=\"container\" data-settings=\"{&quot;background_background&quot;:&quot;classic&quot;}\">\n\t\t\t\t<div class=\"elementor-element elementor-element-55c72736 elementor-widget elementor-widget-heading\" data-id=\"55c72736\" data-element_type=\"widget\" data-settings=\"{&quot;htmega_fe&quot;:&quot;no&quot;}\" data-widget_type=\"heading.default\">\n\t\t\t\t<div class=\"elementor-widget-container\">\n\t\t\t\t\t<h2 class=\"elementor-heading-title elementor-size-default\">\u062a\u0648\u0627\u0635\u0644 \u0645\u0639\u064a \u0627\u0644\u064a\u0648\u0645!<\/h2>\t\t\t\t<\/div>\n\t\t\t\t<\/div>\n\t\t\t\t<div class=\"elementor-element elementor-element-680203c elementor-widget elementor-widget-htmega-contactform-addons\" data-id=\"680203c\" data-element_type=\"widget\" data-settings=\"{&quot;htmega_fe&quot;:&quot;no&quot;}\" data-widget_type=\"htmega-contactform-addons.default\">\n\t\t\t\t<div class=\"elementor-widget-container\">\n\t\t\t\t\t            <div class=\"htmega-form-wrapper sid680203c htmega-form-style-3\" >\n                \n<div class=\"wpcf7 no-js\" id=\"wpcf7-f119-o1\" lang=\"en\" dir=\"ltr\" data-wpcf7-id=\"119\">\n<div class=\"screen-reader-response\"><p role=\"status\" aria-live=\"polite\" aria-atomic=\"true\"><\/p> <ul><\/ul><\/div>\n<form action=\"\/ar\/wp-json\/wp\/v2\/pages\/51#wpcf7-f119-o1\" method=\"post\" class=\"wpcf7-form init\" aria-label=\"\u0646\u0645\u0648\u0630\u062c \u0627\u0644\u0627\u062a\u0635\u0627\u0644\" novalidate=\"novalidate\" data-status=\"init\" data-trp-original-action=\"\/ar\/wp-json\/wp\/v2\/pages\/51#wpcf7-f119-o1\">\n<fieldset class=\"hidden-fields-container\"><input type=\"hidden\" name=\"_wpcf7\" value=\"119\" \/><input type=\"hidden\" name=\"_wpcf7_version\" value=\"6.1.1\" \/><input type=\"hidden\" name=\"_wpcf7_locale\" value=\"en\" \/><input type=\"hidden\" name=\"_wpcf7_unit_tag\" value=\"wpcf7-f119-o1\" \/><input type=\"hidden\" name=\"_wpcf7_container_post\" value=\"0\" \/><input type=\"hidden\" name=\"_wpcf7_posted_data_hash\" value=\"\" \/>\n<\/fieldset>\n<p><label> \u0627\u0633\u0645\u0643<br \/>\n<span class=\"wpcf7-form-control-wrap\" data-name=\"your-name\"><input size=\"40\" maxlength=\"400\" class=\"wpcf7-form-control wpcf7-text wpcf7-validates-as-required\" autocomplete=\"name\" aria-required=\"true\" aria-invalid=\"false\" value=\"\" type=\"text\" name=\"your-name\" \/><\/span> <\/label>\n<\/p>\n<p><label> \u0628\u0631\u064a\u062f\u0643 \u0627\u0644\u0625\u0644\u0643\u062a\u0631\u0648\u0646\u064a<br \/>\n<span class=\"wpcf7-form-control-wrap\" data-name=\"your-email\"><input size=\"40\" maxlength=\"400\" class=\"wpcf7-form-control wpcf7-email wpcf7-validates-as-required wpcf7-text wpcf7-validates-as-email\" autocomplete=\"email\" aria-required=\"true\" aria-invalid=\"false\" value=\"\" type=\"email\" name=\"your-email\" \/><\/span> <\/label>\n<\/p>\n<p><label> \u0645\u0648\u0636\u0648\u0639<br \/>\n<span class=\"wpcf7-form-control-wrap\" data-name=\"your-subject\"><input size=\"40\" maxlength=\"400\" class=\"wpcf7-form-control wpcf7-text wpcf7-validates-as-required\" aria-required=\"true\" aria-invalid=\"false\" value=\"\" type=\"text\" name=\"your-subject\" \/><\/span> <\/label>\n<\/p>\n<p><label> \u0631\u0633\u0627\u0644\u062a\u0643 (\u0627\u062e\u062a\u064a\u0627\u0631\u064a)<br \/>\n<span class=\"wpcf7-form-control-wrap\" data-name=\"your-message\"><textarea cols=\"40\" rows=\"10\" maxlength=\"2000\" class=\"wpcf7-form-control wpcf7-textarea\" aria-invalid=\"false\" name=\"your-message\"><\/textarea><\/span> <\/label>\n<\/p>\n<p><input class=\"wpcf7-form-control wpcf7-submit has-spinner\" type=\"submit\" value=\"\u064a\u064f\u0642\u062f\u0651\u0650\u0645\" \/>\n<\/p><div class=\"wpcf7-response-output\" aria-hidden=\"true\"><\/div>\n<input type=\"hidden\" name=\"trp-form-language\" value=\"ar\"\/><\/form>\n<\/div>\n            <\/div>\n\n\n        \t\t\t\t<\/div>\n\t\t\t\t<\/div>\n\t\t\t\t<\/div>\n\t\t\t\t\t<\/div>\n\t\t\t\t<\/div>\n\t\t\t\t\t<\/div>\n\t\t\t\t<\/div>\n\t\t<div class=\"elementor-element elementor-element-6ed1d87c e-flex e-con-boxed e-con e-parent\" data-id=\"6ed1d87c\" data-element_type=\"container\" data-settings=\"{&quot;background_background&quot;:&quot;classic&quot;}\">\n\t\t\t\t\t<div class=\"e-con-inner\">\n\t\t<div class=\"elementor-element elementor-element-56d6245d e-grid e-con-boxed e-con e-child\" data-id=\"56d6245d\" data-element_type=\"container\">\n\t\t\t\t\t<div class=\"e-con-inner\">\n\t\t<div class=\"elementor-element elementor-element-186b608e e-con-full e-flex e-con e-child\" data-id=\"186b608e\" data-element_type=\"container\">\n\t\t\t\t<div class=\"elementor-element elementor-element-43cc7196 elementor-widget elementor-widget-icon-box\" data-id=\"43cc7196\" data-element_type=\"widget\" data-settings=\"{&quot;htmega_fe&quot;:&quot;no&quot;}\" data-widget_type=\"icon-box.default\">\n\t\t\t\t<div class=\"elementor-widget-container\">\n\t\t\t\t\t\t\t<div class=\"elementor-icon-box-wrapper\">\n\n\t\t\t\n\t\t\t\t\t\t<div class=\"elementor-icon-box-content\">\n\n\t\t\t\t\t\t\t\t\t<h3 class=\"elementor-icon-box-title\">\n\t\t\t\t\t\t<span  >\n\t\t\t\t\t\t\t\u0628\u0631\u064a\u062f \u0625\u0644\u0643\u062a\u0631\u0648\u0646\u064a\t\t\t\t\t\t<\/span>\n\t\t\t\t\t<\/h3>\n\t\t\t\t\n\t\t\t\t\t\t\t\t\t<p class=\"elementor-icon-box-description\">\n\t\t\t\t\t\tinfo@drerkincekickiran.com\t\t\t\t\t<\/p>\n\t\t\t\t\n\t\t\t<\/div>\n\t\t\t\n\t\t<\/div>\n\t\t\t\t\t\t<\/div>\n\t\t\t\t<\/div>\n\t\t\t\t<\/div>\n\t\t<div class=\"elementor-element elementor-element-1dbc6eff e-con-full e-flex e-con e-child\" data-id=\"1dbc6eff\" data-element_type=\"container\">\n\t\t\t\t<div class=\"elementor-element elementor-element-670a0a41 elementor-widget elementor-widget-icon-box\" data-id=\"670a0a41\" data-element_type=\"widget\" data-settings=\"{&quot;htmega_fe&quot;:&quot;no&quot;}\" data-widget_type=\"icon-box.default\">\n\t\t\t\t<div class=\"elementor-widget-container\">\n\t\t\t\t\t\t\t<div class=\"elementor-icon-box-wrapper\">\n\n\t\t\t\n\t\t\t\t\t\t<div class=\"elementor-icon-box-content\">\n\n\t\t\t\t\t\t\t\t\t<h3 class=\"elementor-icon-box-title\">\n\t\t\t\t\t\t<a href=\"tel:+905545514331\" >\n\t\t\t\t\t\t\t\u0647\u0627\u062a\u0641\t\t\t\t\t\t<\/a>\n\t\t\t\t\t<\/h3>\n\t\t\t\t\n\t\t\t\t\t\t\t\t\t<p class=\"elementor-icon-box-description\">\n\t\t\t\t\t\t+90 554 551 43 31\t\t\t\t\t<\/p>\n\t\t\t\t\n\t\t\t<\/div>\n\t\t\t\n\t\t<\/div>\n\t\t\t\t\t\t<\/div>\n\t\t\t\t<\/div>\n\t\t\t\t<\/div>\n\t\t<div class=\"elementor-element elementor-element-1b7a4418 e-con-full e-flex e-con e-child\" data-id=\"1b7a4418\" data-element_type=\"container\">\n\t\t\t\t<div class=\"elementor-element elementor-element-5e29ee5e elementor-widget elementor-widget-icon-box\" data-id=\"5e29ee5e\" data-element_type=\"widget\" data-settings=\"{&quot;htmega_fe&quot;:&quot;no&quot;}\" data-widget_type=\"icon-box.default\">\n\t\t\t\t<div class=\"elementor-widget-container\">\n\t\t\t\t\t\t\t<div class=\"elementor-icon-box-wrapper\">\n\n\t\t\t\n\t\t\t\t\t\t<div class=\"elementor-icon-box-content\">\n\n\t\t\t\t\t\t\t\t\t<h3 class=\"elementor-icon-box-title\">\n\t\t\t\t\t\t<span  >\n\t\t\t\t\t\t\t\u0645\u0648\u0642\u0639\t\t\t\t\t\t<\/span>\n\t\t\t\t\t<\/h3>\n\t\t\t\t\n\t\t\t\t\t\t\t\t\t<p class=\"elementor-icon-box-description\">\n\t\t\t\t\t\tErhan Apartman\u0131\u060c Harbiye\u060c Ma\u00e7ka Cd. no:16 kat:5 daire: 12, 34367 \u0634\u064a\u0634\u0644\u064a\/\u0627\u0633\u0637\u0646\u0628\u0648\u0644\t\t\t\t\t<\/p>\n\t\t\t\t\n\t\t\t<\/div>\n\t\t\t\n\t\t<\/div>\n\t\t\t\t\t\t<\/div>\n\t\t\t\t<\/div>\n\t\t\t\t<\/div>\n\t\t\t\t\t<\/div>\n\t\t\t\t<\/div>\n\t\t\t\t\t<\/div>\n\t\t\t\t<\/div>\n\t\t<div class=\"elementor-element elementor-element-2530331 e-con-full e-flex e-con e-parent\" data-id=\"2530331\" data-element_type=\"container\">\n\t\t\t\t<div class=\"elementor-element elementor-element-36fab94 elementor-widget elementor-widget-google_maps\" data-id=\"36fab94\" data-element_type=\"widget\" data-settings=\"{&quot;htmega_fe&quot;:&quot;no&quot;}\" data-widget_type=\"google_maps.default\">\n\t\t\t\t<div class=\"elementor-widget-container\">\n\t\t\t\t\t\t\t<div class=\"elementor-custom-embed\">\n\t\t\t<iframe loading=\"lazy\"\n\t\t\t\t\tsrc=\"https:\/\/maps.google.com\/maps?q=Dr.Erkin%20%C3%87eki%C3%A7k%C4%B1ran&#038;t=m&#038;z=20&#038;output=embed&#038;iwloc=near\"\n\t\t\t\t\ttitle=\"\u0627\u0644\u062f\u0643\u062a\u0648\u0631 \u0625\u0631\u0643\u064a\u0646 \u062a\u0634\u064a\u0643\u064a\u0643\u064a\u0631\u0627\u0646\"\n\t\t\t\t\taria-label=\"\u0627\u0644\u062f\u0643\u062a\u0648\u0631 \u0625\u0631\u0643\u064a\u0646 \u062a\u0634\u064a\u0643\u064a\u0643\u064a\u0631\u0627\u0646\"\n\t\t\t><\/iframe>\n\t\t<\/div>\n\t\t\t\t\t\t<\/div>\n\t\t\t\t<\/div>\n\t\t\t\t<\/div>\n\t\t\t\t<\/div>","protected":false},"excerpt":{"rendered":"<p>Let&#8217;s Get in Touch I&#8217;d love to hear from you! Feel free to reach out for appointments, questions, or collaborations. Contact With Me Today! Your name Your email Subject Your message (optional) Email info@drerkincekickiran.com Phone +90 554 551 43 31 Location Erhan Apartman\u0131, Harbiye, Ma\u00e7ka Cd. no:16 kat:5 daire: 12, 34367 \u015ei\u015fli\/\u0130stanbul<\/p>","protected":false},"author":1,"featured_media":0,"parent":0,"menu_order":0,"comment_status":"closed","ping_status":"closed","template":"elementor_header_footer","meta":{"footnotes":""},"class_list":["post-51","page","type-page","status-publish","hentry"],"_links":{"self":[{"href":"http:\/\/drerkincekickiran.com\/ar\/wp-json\/wp\/v2\/pages\/51","targetHints":{"allow":["GET"]}}],"collection":[{"href":"http:\/\/drerkincekickiran.com\/ar\/wp-json\/wp\/v2\/pages"}],"about":[{"href":"http:\/\/drerkincekickiran.com\/ar\/wp-json\/wp\/v2\/types\/page"}],"author":[{"embeddable":true,"href":"http:\/\/drerkincekickiran.com\/ar\/wp-json\/wp\/v2\/users\/1"}],"replies":[{"embeddable":true,"href":"http:\/\/drerkincekickiran.com\/ar\/wp-json\/wp\/v2\/comments?post=51"}],"version-history":[{"count":10,"href":"http:\/\/drerkincekickiran.com\/ar\/wp-json\/wp\/v2\/pages\/51\/revisions"}],"predecessor-version":[{"id":253,"href":"http:\/\/drerkincekickiran.com\/ar\/wp-json\/wp\/v2\/pages\/51\/revisions\/253"}],"wp:attachment":[{"href":"http:\/\/drerkincekickiran.com\/ar\/wp-json\/wp\/v2\/media?parent=51"}],"curies":[{"name":"wp","href":"https:\/\/api.w.org\/{rel}","templated":true}]}}